{"id":12293,"date":"2023-02-01T11:36:57","date_gmt":"2023-02-01T10:36:57","guid":{"rendered":"https:\/\/henningbochert.de\/en\/?page_id=12293"},"modified":"2026-04-27T15:48:31","modified_gmt":"2026-04-27T13:48:31","slug":"upcoming-dates","status":"publish","type":"page","link":"https:\/\/henningbochert.de\/en\/upcoming-dates\/","title":{"rendered":"Upcoming"},"content":{"rendered":"\n<div style=\"height:30px\" aria-hidden=\"true\" class=\"wp-block-spacer\"><\/div>\n\n\n\n<div class=\"wp-block-group is-layout-constrained wp-block-group-is-layout-constrained\">\n<div class=\"wp-block-group is-layout-constrained wp-block-group-is-layout-constrained\"><\/div>\n<\/div>\n\n\n\n<div class=\"wp-block-group is-layout-constrained wp-block-group-is-layout-constrained\">\n<div class=\"wp-block-group is-layout-constrained wp-block-group-is-layout-constrained\">\n<h2 class=\"wp-block-heading\">\u2014 14.06.2026<\/h2>\n\n\n\n<p><strong><strong><a href=\"https:\/\/www.drama-panorama.com\/projekte\/festival-ein-stueck-tschechien\/\" target=\"_blank\" rel=\"noreferrer noopener\">Ein St\u00fcck: Tschechien: The Gleanings 2026<\/a> <\/strong>&#8211; with OPHELIA ONLYFANS by Tom\u00e1\u0161 R\u00e1li\u0161<\/strong><\/p>\n\n\n\n<p class=\"has-small-font-size\">Venue: <a href=\"http:\/\/www.tda-stendal.de\" target=\"_blank\" rel=\"noreferrer noopener\"><a href=\"https:\/\/www.volksbuehne.berlin\/de\/venue\/gruener-salon\" target=\"_blank\" rel=\"noreferrer noopener\">Gr\u00fcner Salon of the Volkb\u00fchne am Rosa-Luxemburg-Platz<\/a>, Berlin<\/a><\/p>\n\n\n\n<div style=\"height:30px\" aria-hidden=\"true\" class=\"wp-block-spacer\"><\/div>\n<\/div>\n\n\n\n<h2 class=\"wp-block-heading\">\u2014 10.10.2026<\/h2>\n\n\n\n<p><strong>Ein St\u00fcck: Tschechien 2026 &#8211; Frankfurt Special<\/strong><\/p>\n\n\n\n<p class=\"has-small-font-size\">Venue: <a href=\"https:\/\/internationales-theater.de\/\" target=\"_blank\" rel=\"noreferrer noopener\">Internationales Theater<\/a>, Frankfurt am Main<\/p>\n\n\n\n<div style=\"height:30px\" aria-hidden=\"true\" class=\"wp-block-spacer\"><\/div>\n<\/div>\n","protected":false},"excerpt":{"rendered":"<p>\u2014 14.06.2026 Ein St\u00fcck: Tschechien: The Gleanings 2026 &#8211; with OPHELIA ONLYFANS by Tom\u00e1\u0161 R\u00e1li\u0161 Venue: Gr\u00fcner Salon of the Volkb\u00fchne am Rosa-Luxemburg-Platz, Berlin \u2014 10.10.2026 Ein St\u00fcck: Tschechien 2026&#8230;<\/p>\n","protected":false},"author":9,"featured_media":0,"parent":0,"menu_order":20,"comment_status":"closed","ping_status":"closed","template":"","meta":{"_acf_changed":false,"footnotes":""},"class_list":["post-12293","page","type-page","status-publish","hentry"],"acf":[],"_links":{"self":[{"href":"https:\/\/henningbochert.de\/en\/wp-json\/wp\/v2\/pages\/12293","targetHints":{"allow":["GET"]}}],"collection":[{"href":"https:\/\/henningbochert.de\/en\/wp-json\/wp\/v2\/pages"}],"about":[{"href":"https:\/\/henningbochert.de\/en\/wp-json\/wp\/v2\/types\/page"}],"author":[{"embeddable":true,"href":"https:\/\/henningbochert.de\/en\/wp-json\/wp\/v2\/users\/9"}],"replies":[{"embeddable":true,"href":"https:\/\/henningbochert.de\/en\/wp-json\/wp\/v2\/comments?post=12293"}],"version-history":[{"count":4,"href":"https:\/\/henningbochert.de\/en\/wp-json\/wp\/v2\/pages\/12293\/revisions"}],"predecessor-version":[{"id":13965,"href":"https:\/\/henningbochert.de\/en\/wp-json\/wp\/v2\/pages\/12293\/revisions\/13965"}],"wp:attachment":[{"href":"https:\/\/henningbochert.de\/en\/wp-json\/wp\/v2\/media?parent=12293"}],"curies":[{"name":"wp","href":"https:\/\/api.w.org\/{rel}","templated":true}]}}