{"id":13733,"date":"2025-06-24T22:48:42","date_gmt":"2025-06-24T20:48:42","guid":{"rendered":"https:\/\/henningbochert.de\/en\/?page_id=13733"},"modified":"2026-01-04T10:44:04","modified_gmt":"2026-01-04T09:44:04","slug":"references-productions","status":"publish","type":"page","link":"https:\/\/henningbochert.de\/en\/references-productions\/","title":{"rendered":"Productions"},"content":{"rendered":"\n<div style=\"height:20px\" aria-hidden=\"true\" class=\"wp-block-spacer\"><\/div>\n\n\n\n<div class=\"wp-block-columns is-style-gap-line has-green-background-color has-background is-layout-flex wp-container-core-columns-is-layout-28f84493 wp-block-columns-is-layout-flex\">\n<div class=\"wp-block-column is-layout-flow wp-block-column-is-layout-flow\">\n<p style=\"text-transform:none\"><strong>2014-today<\/strong> \u2022 <em>Ein St\u00fcck: Tschechien<\/em> \u2013 Annual festival for contemporary Czech  theatre | Drama Panorama | Artistic director, production management, editing of translations, performer in staged readings, mentor for emerging translators<\/p>\n\n\n\n<p><strong>2026<\/strong> \u2022 <em>Gemeinsam gegen Antisemitismus<\/em> &#8211; performative City walk about Jewish history | Junges Theater K\u00f6ln | Dramaturg<\/p>\n\n\n\n<p style=\"text-transform:none\"><strong>2025<\/strong> \u2022 <em><em><a href=\"https:\/\/henningbochert.de\/en\/2025\/05\/honig-%d8%b4%d9%85%d8%b3-de-lor\/\" target=\"_blank\" rel=\"noreferrer noopener\">Honig, \u0634\u0645\u0633 &amp; de l\u2019Or<\/a><\/em><\/em>  \u2013 international, multilingual theatre production | ArtVeda Belgium &amp; Instant MIX &amp; Drama Panorama | Berlin | Paris | Brussels |Dramaturg<\/p>\n\n\n\n<p style=\"text-transform:none\"><strong>2024<\/strong> \u2022 <em>Between Languages<\/em> \u2013 Workshop | Drama Panorama | Berlin | Production management<\/p>\n\n\n\n<p><strong>2024<\/strong> \u2022 <em>Blood, Sweat, and Queers<\/em> \u2013 Staged reading | Rehearsal for Truth Festival | New York City, USA | Director<\/p>\n\n\n\n<p><strong>2023<\/strong> \u2022 <em>translationale berlin <\/em>\u2013 Festival for literary translation | Weltleseb\u00fchne e. V. | Colloquium Hungaricum Berlin | Co-curator<\/p>\n\n\n\n<p><strong>2023<\/strong> \u2022 <em>Multilingualism on Stage in Global Context<\/em> &#8211; Workshop | Drama Panorama | Artistic director, production management<\/p>\n\n\n\n<p><\/p>\n\n\n\n<p><\/p>\n\n\n\n<p><\/p>\n\n\n\n<p style=\"text-transform:uppercase\"><br><\/p>\n<\/div>\n\n\n\n<div class=\"wp-block-column is-layout-flow wp-block-column-is-layout-flow\">\n<p><strong>2023<\/strong> \u2022 <em>Olga<\/em> \u2013 Staged reading | Rehearsal for Truth Festival | New York City, USA | Director<\/p>\n\n\n\n<p><strong>2023<\/strong> \u2022 <em>New Translations of International Drama<\/em> \u2013 Staged reading and talk with Dawn King | Drama Panorama | English Theater Berlin | Concept, moderator<\/p>\n\n\n\n<p><strong>2022<\/strong> \u2022 <em>Wir sind Klasse!<\/em> \u2013 Podcast on classism | <a href=\"http:\/\/www.wirsindklasse.com\" target=\"_blank\" rel=\"noreferrer noopener\">www.wirsindklasse.com<\/a> | editing, recording, concept with Yvonne Griesel and team<\/p>\n\n\n\n<p><strong>2022<\/strong> \u2022 <em>Multilingualism in the Theatre<\/em> | Panel discussion with staged reading in the panorama#2 series: \u00fcbertheater\u00fcbersetzen | Drama Panorama | English Theater Berlin | Artistic director, moderator<\/p>\n\n\n\n<p><strong>2021<\/strong> \u2022 <em><em>Multilingualism <\/em>on Stage<\/em> | Panel discussion in the panorama#1 series: \u00fcbertheater\u00fcbersetzen | Drama Panorama | English Theater Berlin | Artistic director, moderator<\/p>\n\n\n\n<p style=\"text-transform:none\"><strong>2021<\/strong> \u2022 <em><a href=\"https:\/\/www.teamtheater.de\/teamtheaterglobal\" target=\"_blank\" rel=\"noreferrer noopener\">Teamtheater.GLOBAL<\/a><\/em> &#8211; Festival of Indian plays | Teamtheater Munich | Translator, Director<\/p>\n\n\n\n<p style=\"text-transform:none\"><\/p>\n\n\n\n<p style=\"text-transform:none\"><\/p>\n\n\n\n<p><\/p>\n<\/div>\n\n\n\n<div class=\"wp-block-column is-layout-flow wp-block-column-is-layout-flow\">\n<p style=\"text-transform:none\"><strong>2021<\/strong> \u2022 <em>Permeance<\/em> \u2013 Dance production by Alica Minar | Writer, dramaturge<\/p>\n\n\n\n<p style=\"text-transform:none\"><strong>2020<\/strong> \u2022 <em>Explosion<\/em> &#8211; Dance production by Alica Minar | Writer<\/p>\n\n\n\n<p style=\"text-transform:none\"><strong>2019<\/strong> \u2022 <em>Hybride<\/em> \u2013 Performance reading | ACC Galerie, Weimar | Author, performer<\/p>\n\n\n\n<p style=\"text-transform:none\"><strong>2017<\/strong> \u2022 <em>100 Years That Shook the World<\/em> \u2013 Series on the Anniversary of the Revolution | Teatr Pokoleniy | Sankt Petersburg | Director, concept<\/p>\n\n\n\n<p style=\"text-transform:none\"><strong>2017<\/strong> \u2022 <em>Anima-Vom Beseelen der Dinge<\/em> | Schuberty Krahl Bauer\/Anima-Kollektiv | Schaubude Berlin |  Dramaturge, playwright<\/p>\n\n\n\n<p style=\"text-transform:none\"><strong>2013<\/strong> \u2022 <em>Hybride I-III<\/em> \u2013 Performance series with Matthias Bernhold | Vierte Welt, Berlin | Idea, concept, author, performer<\/p>\n\n\n\n<p style=\"text-transform:none\"><strong>2011<\/strong> \u2022 <em>Heiner-M\u00fcller-Symposium<\/em> | Teatr Pokoleniy | Sankt Petersburg | Performer, reader, dramaturge<\/p>\n\n\n\n<p class=\"has-small-font-size\"><\/p>\n\n\n\n<p style=\"text-transform:none\"><\/p>\n<\/div>\n\n\n\n<div class=\"wp-block-column is-layout-flow wp-block-column-is-layout-flow\">\n<p style=\"text-transform:none\"><strong>2010<\/strong> \u2022 <em>SumSum<sup>2<\/sup>-a Borderless <em>Confusion<\/em><\/em> <em>of Love and Language<\/em> | Theater Erlangen &#8211; Teatr Pokoleniy &#8211; raum4-netzwerk f\u00fcr k\u00fcnstlerische alltagsbew\u00e4ltigung e. v. | Erlangen-Sankt Petersburg | Concept, dramaturge<\/p>\n\n\n\n<p style=\"text-transform:none\"><strong>2010<\/strong> \u2022 <em>phoenix transatlantic<\/em> &#8211; Two festival days with new drama from North Rhine-Westphalia and New York City | Representation of North Rhine-Westphalia | Berlin | Concept, artistic director<\/p>\n\n\n\n<p style=\"text-transform:none\"><strong>2010<\/strong> \u2022 Play translation contest | Theater Bielefeld | Mentor<\/p>\n\n\n\n<p style=\"text-transform:none\"><strong>2008<\/strong> \u2022 <em>Werkschau Wuppertal <\/em>&#8211; Evening with 15 artists from Wuppertal | Representation of North Rhine-Westphalia | Berlin | Idea, concept, artistic director<\/p>\n\n\n\n<p style=\"text-transform:none\"><strong>2006<\/strong> \u2022 <em>Credits<\/em> | Theatre production Rotolux, Nora Somaini | sophiensaele Berlin | Playwright, dramaturge<\/p>\n\n\n\n<p class=\"has-small-font-size\"><\/p>\n<\/div>\n<\/div>\n","protected":false},"excerpt":{"rendered":"<p>2014-today \u2022 Ein St\u00fcck: Tschechien \u2013 Annual festival for contemporary Czech theatre | Drama Panorama | Artistic director, production management, editing of translations, performer in staged readings, mentor for emerging&#8230;<\/p>\n","protected":false},"author":9,"featured_media":0,"parent":0,"menu_order":0,"comment_status":"closed","ping_status":"closed","template":"","meta":{"_acf_changed":false,"footnotes":""},"class_list":["post-13733","page","type-page","status-publish","hentry"],"acf":[],"_links":{"self":[{"href":"https:\/\/henningbochert.de\/en\/wp-json\/wp\/v2\/pages\/13733","targetHints":{"allow":["GET"]}}],"collection":[{"href":"https:\/\/henningbochert.de\/en\/wp-json\/wp\/v2\/pages"}],"about":[{"href":"https:\/\/henningbochert.de\/en\/wp-json\/wp\/v2\/types\/page"}],"author":[{"embeddable":true,"href":"https:\/\/henningbochert.de\/en\/wp-json\/wp\/v2\/users\/9"}],"replies":[{"embeddable":true,"href":"https:\/\/henningbochert.de\/en\/wp-json\/wp\/v2\/comments?post=13733"}],"version-history":[{"count":5,"href":"https:\/\/henningbochert.de\/en\/wp-json\/wp\/v2\/pages\/13733\/revisions"}],"predecessor-version":[{"id":13876,"href":"https:\/\/henningbochert.de\/en\/wp-json\/wp\/v2\/pages\/13733\/revisions\/13876"}],"wp:attachment":[{"href":"https:\/\/henningbochert.de\/en\/wp-json\/wp\/v2\/media?parent=13733"}],"curies":[{"name":"wp","href":"https:\/\/api.w.org\/{rel}","templated":true}]}}