{"id":4362,"date":"2009-09-01T13:28:03","date_gmt":"2009-09-01T11:28:03","guid":{"rendered":"https:\/\/henningbochert.de\/?page_id=4362"},"modified":"2025-07-28T10:36:33","modified_gmt":"2025-07-28T08:36:33","slug":"translating","status":"publish","type":"page","link":"https:\/\/henningbochert.de\/en\/translating\/","title":{"rendered":"Translations"},"content":{"rendered":"\n<p>Please write me at <a href=\"mailto:henni&#110;g&#64;b&#111;ch&#101;&#114;&#116;&#46;&#99;&#111;m\" class=\"normal\">&#104;en&#110;&#105;n&#103;&#64;&#98;o&#99;&#104;ert.&#99;&#111;&#109;<\/a>, if you are interested in reading any of the texts below.<\/p>\n\n\n\n<div style=\"height:20px\" aria-hidden=\"true\" class=\"wp-block-spacer\"><\/div>\n\n\n\n<div class=\"wp-block-columns is-style-gap-line has-orange-background-color has-background is-layout-flex wp-container-core-columns-is-layout-28f84493 wp-block-columns-is-layout-flex\">\n<div class=\"wp-block-column is-layout-flow wp-block-column-is-layout-flow\">\n<p style=\"text-transform:uppercase\"><strong>Drama<\/strong><\/p>\n\n\n\n<p class=\"has-small-font-size\"><strong>andcompany&amp;Co<\/strong><br>West in Peace<br>Mausoleum Buffo<br>Pand\u00e4monium Germanicum<\/p>\n\n\n\n<p class=\"has-small-font-size\"><strong>Deepika Arwind<\/strong><br>Phantasmagoria \/ Phantasmagorie<\/p>\n\n\n\n<p class=\"has-small-font-size\"><strong>John Barrow<\/strong><br>Excentric Planet \/ Exzentrischer Planet<\/p>\n\n\n\n<p class=\"has-small-font-size\"><strong>Sivan Ben Yishai<\/strong><br>Your very own double crisis club<br>[Auswahl Autorentheatertage 2017; excerpt in <a href=\"https:\/\/neofelis-verlag.de\/verlagsprogramm\/zeitschriften\/jalta\/969\/exile.-ein-kunstheft?c=342\" target=\"_blank\" rel=\"noreferrer noopener\">Jalta 05<\/a>]<\/p>\n\n\n\n<p class=\"has-small-font-size\"><strong>George Brant<\/strong><br>Grounded \/ Am Boden<\/p>\n\n\n\n<p class=\"has-small-font-size\"><strong>Dead Centre &amp; Mark O&#8217;Connell<\/strong><br>To be a machine (version 1.0) \/ Die Maschine in mir (Version 1.0)<\/p>\n\n\n\n<p class=\"has-small-font-size\"><strong>\u00d6zlem \u00d6zg\u00fcl D\u00fcndar<\/strong><br>an grenzen \/ body w\/o borders<\/p>\n\n\n\n<p class=\"has-small-font-size\"><strong>Patrick Ellsworth<\/strong><br><a href=\"https:\/\/www.fischer-theater.de\/theater\/stueck\/dancer-in-the-dark\/1542016\" data-type=\"link\" data-id=\"https:\/\/www.fischer-theater.de\/theater\/stueck\/dancer-in-the-dark\/1542016\" target=\"_blank\" rel=\"noreferrer noopener\">Dancer in the Dark<\/a><\/p>\n\n\n\n<p class=\"has-small-font-size\"><strong>Simon Froehling<\/strong><br>Familie Kern \/ The Core Family<\/p>\n\n\n\n<p class=\"has-small-font-size\"><strong>Trevor Griffiths<\/strong><br>Who Shall Be Happy\u2026? \/ Hoffnung im Jahre II<\/p>\n\n\n\n<p class=\"has-small-font-size\"><strong>Jim Grimsley<\/strong><br>Cascade \/Kaskaden<\/p>\n\n\n\n<p class=\"has-small-font-size\"><strong>Jason Grote<\/strong><br>Civilization \/ Zivilisation<\/p>\n\n\n\n<p class=\"has-small-font-size\"><strong>Martin Heckmanns<\/strong><br>Kommt ein Mann zur Welt \/ A Man Walks into a World (in: <a href=\"https:\/\/henningbochert.de\/wp-content\/uploads\/2012\/02\/The-Mercurian-Vol.-3-No.41.pdf\">The Mercurian Vol. 3, No.4<\/a>)<\/p>\n\n\n\n<p class=\"has-small-font-size\"><strong>Christoph Hein<\/strong><br><a href=\"http:\/\/Ritter der Tafelrunde \/ Knights of the Round Table\" target=\"_blank\" rel=\"noreferrer noopener\">Ritter der Tafelrunde \/ Knights of the Round Table<\/a><br>In Acht und Bann \/ Banned<\/p>\n\n\n\n<p class=\"has-small-font-size\"><strong>Dawn King<\/strong><br><a href=\"https:\/\/www.kiepenheuer-medien.de\/werke\/de\/showW?wid=2671\" target=\"_blank\" rel=\"noreferrer noopener\">The Trials \/ Das Tribunal<\/a><br><a href=\"http:\/\/A Brilliant Design \/ Alles wie es sein soll\" target=\"_blank\" rel=\"noreferrer noopener\">A Brilliant Design \/ Alles wie es sein soll<\/a><\/p>\n\n\n\n<p class=\"has-small-font-size\"><strong>Girish Karnad<\/strong><br>Yayati<\/p>\n\n\n\n<p class=\"has-small-font-size\"><strong>Lorenz Langenegger<\/strong><br>Nordw\u00e4rts \/ Northward Bound<\/p>\n\n\n\n<p class=\"has-small-font-size\"><strong>Ingrid Lausund<\/strong><br>Bandscheibenvorfall \/ Slipped Disc<\/p>\n\n\n\n<p class=\"has-small-font-size\"><strong>Eve Leigh<\/strong><br><a href=\"https:\/\/rowohlt-theaterverlag.de\/tvalias\/stueck\/4952444\" target=\"_blank\" rel=\"noreferrer noopener\">Midnight Movie<\/a><br><a href=\"https:\/\/www.rowohlt-theaterverlag.de\/theaterstueck\/flaechenbrand-5121\" target=\"_blank\" rel=\"noreferrer noopener\">Wildfire Road<\/a>\/Fl\u00e4chenbrand<br>Salty Irina\/<a href=\"https:\/\/www.rowohlt-theaterverlag.de\/theaterstueck\/verbranntes-land-7321\" target=\"_blank\" rel=\"noreferrer noopener\">Verbranntes Land<\/a><br>Pinocchio<\/p>\n\n\n\n<p class=\"has-small-font-size\"><strong>Rhea Leman<\/strong><br><a href=\"https:\/\/rowohlt-theaterverlag.de\/tvalias\/stueck\/4952444\" target=\"_blank\" rel=\"noreferrer noopener\">Arendt<\/a><\/p>\n\n\n\n<p class=\"has-small-font-size\"><strong>Greg Liakopoulos<\/strong><br>Generation Lost<\/p>\n\n\n\n<p class=\"has-small-font-size\"><strong>Wolfgang Lotz<\/strong><br>Einige Nachrichten an das All \/ A Few Messages to Space<\/p>\n\n\n\n<p class=\"has-small-font-size\"><strong>Karen Malpede<\/strong><br>Other Than We \/ Anders als wir<\/p>\n\n\n\n<p class=\"has-small-font-size\"><strong>Tina M\u00fcller<\/strong><br>Gl\u00fcckshaut \/ Caul<\/p>\n\n\n\n<p class=\"has-small-font-size\"><strong>Carlos Murillo<\/strong><br>A Human Interest Story (or The Gory Details and All) \/ Vermischte Meldungen (oder Die ganzen blutigen Details)<br>Dark Play or Stories for Boys \/ Dark Play oder Jungsgeschichten<\/p>\n\n\n\n<p class=\"has-small-font-size\"><strong>Jimmy Murphy<\/strong><br>Brothers of the Brush \/ Schwarzmaler<\/p>\n\n\n\n<p class=\"has-small-font-size\"><strong>Iddo Netanjahu<\/strong><br>A Happy End \/ Happy End<\/p>\n\n\n\n<p class=\"has-small-font-size\"><strong>Dan O&#8217;Brien<\/strong><br>The Body of an American<\/p>\n\n\n\n<p class=\"has-small-font-size\"><strong>Eliza Power<\/strong><br>Feathers \/ Federlesen<\/p>\n\n\n\n<p class=\"has-small-font-size\"><strong>Adam Rapp<\/strong><br>Classic Kitchen Timer \/ Eieruhr<br><a href=\"https:\/\/www.fischer-theater.de\/theater\/stueck\/der-duft-der-grossen-weiten-welt\/971288\" data-type=\"link\" data-id=\"https:\/\/www.fischer-theater.de\/theater\/stueck\/der-duft-der-grossen-weiten-welt\/971288\" target=\"_blank\" rel=\"noreferrer noopener\">Finer Noble Gases \/ Der Duft der gro\u00dfen weiten Welt<\/a><br>Red Light Winter \/ Rotlichtwinter<br><a href=\"https:\/\/www.fischer-theater.de\/theater\/stueck\/stone-cold-dead-serious\/971435\" target=\"_blank\" rel=\"noreferrer noopener\">Stone Cold Dead Serious<\/a><br><a href=\"https:\/\/www.fischer-theater.de\/theater\/stueck\/wintervogel\/971196\" target=\"_blank\" rel=\"noreferrer noopener\">Blackbird \/ Wintervogel<\/a><\/p>\n\n\n\n<p class=\"has-small-font-size\"><strong>Damian Rebgetz<\/strong><br>The Hooks<\/p>\n\n\n\n<p class=\"has-small-font-size\"><strong>Neil Simon<\/strong><br><a href=\"https:\/\/www.fischer-theater.de\/theater\/stueck\/gottes-liebling\/971127\" target=\"_blank\" rel=\"noreferrer noopener\">God&#8217;s Favorite \/ Gottes Liebling<\/a><\/p>\n\n\n\n<p class=\"has-small-font-size\"><strong>Nassim Soleimanpour<\/strong><br><a rel=\"noreferrer noopener\" href=\"https:\/\/www.nassimsoleimanpour.com\/blank\" target=\"_blank\">Blank<\/a><\/p>\n\n\n\n<p class=\"has-small-font-size\"><strong>Darja Stocker<\/strong><br>Bevor es regnet \/ Before the Rain<\/p>\n\n\n\n<p class=\"has-small-font-size\"><strong>Andrea Stolowitz<\/strong><br>Ithaka<\/p>\n\n\n\n<p class=\"has-small-font-size\"><strong>Bernhard Studlar<\/strong><br>iPlay (in: <a href=\"https:\/\/henningbochert.de\/wp-content\/uploads\/2015\/02\/The-Mercurian-5.3-Spring-20151.pdf\">The Mercurian Vol. 5, No.3<\/a>)<\/p>\n\n\n\n<p class=\"has-small-font-size\"><strong>Jill Szuchmacher<\/strong><br>Yield \/ Virus<\/p>\n<\/div>\n\n\n\n<div class=\"wp-block-column is-layout-flow wp-block-column-is-layout-flow\">\n<p style=\"text-transform:uppercase\"><strong><strong>Supertitles (partial list)<\/strong><\/strong><\/p>\n\n\n\n<p class=\"has-small-font-size\"><strong>Respublica<\/strong> <br>-&gt;DE, M\u00fcnchner Kammerspiele 2022<\/p>\n\n\n\n<p class=\"has-small-font-size\"><strong>How to Fail as a Popstar <\/strong><br>-&gt;DE, Gastspiel Vivek Shraya, Theaterformen 2022<\/p>\n\n\n\n<p class=\"has-small-font-size\"><strong>Der Revisor <\/strong><br>-&gt;DE, Gastspiel Kidd Pivot, Theater Freiburg 2022<\/p>\n\n\n\n<p class=\"has-small-font-size\"><strong>Deep Present <\/strong><br>-&gt;DE, Politik im Freien Theater<\/p>\n\n\n\n<p class=\"has-small-font-size\"><strong>Lokis <\/strong><br>-&gt; DE, Festival Theaterformen 2019, Staatstheater Hannover<\/p>\n\n\n\n<p class=\"has-small-font-size\"><strong>O que nao acontece <\/strong><br>-&gt; DE, Festival Theaterformen 2018, Staatstheater Braunschweig<\/p>\n\n\n\n<p class=\"has-small-font-size\"><strong>Open the Owl <\/strong><br>-&gt; DE, Puppentheater Ljubljana\/Puppentheater Magdeburg 2018<\/p>\n\n\n\n<p class=\"has-small-font-size\"><strong>Hedda Gabler <\/strong><br>-&gt; EN, Ostermeier\/schaub\u00fchne<\/p>\n\n\n\n<p class=\"has-small-font-size\"><strong>Fr\u00e4ulein Julie <\/strong><br>-&gt; EN, Ostermeier\/teatr.doc<\/p>\n\n\n\n<p class=\"has-small-font-size\"><strong>Schiff der Tr\u00e4ume <\/strong><br>-&gt; DE, Karin Beier\/Theatertreffen Berlin 2016<\/p>\n\n\n\n<p class=\"has-small-font-size\"><strong>Poe&#8217;s Haunted Palace <\/strong><br>-&gt; DE, Tiger Lillies\/Puppentheater Magdeburg 2018<\/p>\n\n\n\n<p class=\"has-small-font-size\"><strong>Ubu and the Truth Commission <\/strong><br>-&gt; DE, William Kentridge\/Foreign Affairs 2016<\/p>\n\n\n\n<p class=\"has-small-font-size\"><strong>The Gabriels 1, 2 und 3 <\/strong><br>-&gt; DE, Richard Nelson\/F.I.N.D.-Festival Schaub\u00fchne 2017<\/p>\n\n\n\n<p class=\"has-small-font-size\"><strong>Kl\u0105twa\/Der Fluch <\/strong><br>-&gt; DE, Oliver Frlji\u0107\/Maxim-Gorki-Theater 2017<\/p>\n\n\n\n<div style=\"height:10px\" aria-hidden=\"true\" class=\"wp-block-spacer\"><\/div>\n\n\n\n<p style=\"text-transform:uppercase\"><strong><strong>Subtitles<\/strong><\/strong> (Partial list)<\/p>\n\n\n\n<p class=\"has-small-font-size\">Thi Mai<\/p>\n\n\n\n<p class=\"has-small-font-size\">When We First Met<\/p>\n\n\n\n<p class=\"has-small-font-size\">Maggie and Bianca<\/p>\n\n\n\n<p class=\"has-small-font-size\">Ben 10<\/p>\n\n\n\n<p class=\"has-small-font-size\">Young Justice<\/p>\n\n\n\n<p class=\"has-small-font-size\">Comedians in Cars Getting Coffee<\/p>\n\n\n\n<p class=\"has-small-font-size\">I&#8217;m in Love with a Churchgirl<\/p>\n\n\n\n<p class=\"has-small-font-size\">Barbra&#8230; The Music&#8230; The Mem&#8217;ries&#8230; The Magic!<\/p>\n\n\n\n<p class=\"has-small-font-size\">The Little Rascals<\/p>\n\n\n\n<p class=\"has-small-font-size\">Ka\u00e7ak<\/p>\n\n\n\n<p class=\"has-small-font-size\">Star Trek: Voyager<\/p>\n\n\n\n<p class=\"has-small-font-size\">I Am Your Father<\/p>\n\n\n\n<p class=\"has-small-font-size\">Kill Ratio<\/p>\n\n\n\n<p class=\"has-small-font-size\">A\u015fktan Ka\u00e7\u0131lmaz\/Can&#8217;t Run From Love<\/p>\n\n\n\n<p class=\"has-small-font-size\">Entrapment<\/p>\n<\/div>\n\n\n\n<div class=\"wp-block-column is-layout-flow wp-block-column-is-layout-flow\">\n<p style=\"text-transform:uppercase\"><strong><strong>Feature film<\/strong><\/strong><\/p>\n\n\n\n<p class=\"has-small-font-size\"><strong>Morgenland <\/strong><br>In Good Company, Ross Duncan<\/p>\n\n\n\n<p class=\"has-small-font-size\"><a rel=\"noreferrer noopener\" href=\"https:\/\/ingoodcompany.de\/film\/barzakh\/\" target=\"_blank\"><strong>Thank You For Banking With US<\/strong><\/a> <br>In Good Company, Laila Abbas<\/p>\n\n\n\n<p class=\"has-small-font-size\"><strong><a rel=\"noreferrer noopener\" href=\"https:\/\/ingoodcompany.de\/film\/the-delegation\/\" target=\"_blank\">The Delegation<\/a> <\/strong><br>In Good Company, Asaf Saban<\/p>\n\n\n\n<p class=\"has-small-font-size\"><strong>Tschiller: Off Duty <\/strong><br>Syrreal Entertainment, Christoph Darnst\u00e4dt<\/p>\n\n\n\n<p class=\"has-small-font-size\"><strong>Old Iron <\/strong><br>Ivan Lovric, Oliver Kacarevic<\/p>\n\n\n\n<p class=\"has-small-font-size\"><strong>Reincarnation <\/strong><br>Rheingold Films, Tomy Wigand<\/p>\n\n\n\n<p class=\"has-small-font-size\"><strong>Die Liste<\/strong>\/<strong>The List<\/strong><br>Klaus H\u00fcttmann<\/p>\n\n\n\n<p class=\"has-small-font-size\"><strong>Lucky and the Hitman <\/strong><br>Hartmann Schmige<\/p>\n\n\n\n<p class=\"has-small-font-size\">Ever after<\/p>\n\n\n\n<p class=\"has-small-font-size\">Dance with me<\/p>\n\n\n\n<p class=\"has-small-font-size\">Lake Placid<\/p>\n\n\n\n<p class=\"has-small-font-size\">The Good Girl<\/p>\n\n\n\n<p class=\"has-small-font-size\">The Transporter<\/p>\n\n\n\n<p class=\"has-small-font-size\">Life Or Something Like It<\/p>\n\n\n\n<p class=\"has-small-font-size\">Zero Effect<\/p>\n\n\n\n<p class=\"has-small-font-size\">Dancer, Texas<\/p>\n\n\n\n<p class=\"has-small-font-size\">Krippendorf&#8217;s Tribe<\/p>\n\n\n\n<p class=\"has-small-font-size\">Never Tell Me Never<\/p>\n\n\n\n<p class=\"has-small-font-size\">Knock Off<\/p>\n\n\n\n<p class=\"has-small-font-size\">Lost in Space<\/p>\n<\/div>\n\n\n\n<div class=\"wp-block-column is-layout-flow wp-block-column-is-layout-flow\">\n<p style=\"text-transform:uppercase\"><strong><strong>Fiction (partial list)<\/strong><\/strong><\/p>\n\n\n\n<p class=\"has-small-font-size\"><strong>Susan Glaspell<\/strong><br>Die Rose im Sand (D\u00f6rlemann 2023, ISBN 978-3-03820-134-2)<\/p>\n\n\n\n<p class=\"has-small-font-size\"><strong>Gomolemo Moagi<\/strong><br>Poems (for translationale berlin 2023)<\/p>\n\n\n\n<p class=\"has-small-font-size\"><strong>Coumba Tour\u00e9<\/strong><br>Languages<br>Time for Divorce<\/p>\n\n\n\n<p class=\"has-small-font-size\"><strong>Saskia Vogel<\/strong><br>Ways of Submission (in &#8220;texthelden &#8211; berlin setzt \u00fcber&#8221;, stadtsprachen &#8211; Berliner Literarische Aktion, ISBN 978-3-00-071100-8)<\/p>\n\n\n\n<div style=\"height:10px\" aria-hidden=\"true\" class=\"wp-block-spacer\"><\/div>\n\n\n\n<p style=\"text-transform:uppercase\"><strong><strong>Non-fiction <\/strong><\/strong>(partial list)<\/p>\n\n\n\n<p class=\"has-small-font-size\"><strong>Sivan Ben Yishai<\/strong><br><strong>Interview<\/strong><a href=\"https:\/\/is.gd\/ZFZ1c9\" data-type=\"link\" data-id=\"https:\/\/is.gd\/ZFZ1c9\" target=\"_blank\" rel=\"noreferrer noopener\"> Spiegel Magazine<\/a> of 16\/10\/2023<br><strong>H\u00f6rt auf die Leerstellen <\/strong>(in &#8220;<a href=\"https:\/\/www.alexander-verlag.com\/programm\/in-vorbereitung\/titel\/513-das-glueck-zu-sprechen-ohne-zu-wissen-mit-wem.html\" target=\"_blank\" rel=\"noreferrer noopener\">Das Gl\u00fcck, zu sprechen, ohne zu wissen, mit wem<\/a>&#8220;, ISBN 978-3-89581-593-5 )<span><a href=\"javascript:\"><img decoding=\"async\" identifier=\"978-3-89581-593-5\" identifiertype=\"2\" title=\"Titel anhand dieser ISBN in Citavi-Projekt \u00fcbernehmen\" class=\"citavipicker\" style=\"border: 0px none!important;width: 16px!important;height: 16px!important;margin-left:1px !important;margin-right:1px !important;\" src=\"data:image\/svg+xml;base64,PD94bWwgdmVyc2lvbj0iMS4wIiBlbmNvZGluZz0idXRmLTgiPz48IURPQ1RZUEUgc3ZnIFBVQkxJQyAiLS8vVzNDLy9EVEQgU1ZHIDEuMS8vRU4iICJodHRwOi8vd3d3LnczLm9yZy9HcmFwaGljcy9TVkcvMS4xL0RURC9zdmcxMS5kdGQiPjxzdmcgdmVyc2lvbj0iMS4xIiBpZD0iRWJlbmVfMSIgeG1sbnM9Imh0dHA6Ly93d3cudzMub3JnLzIwMDAvc3ZnIiB4bWxuczp4bGluaz0iaHR0cDovL3d3dy53My5vcmcvMTk5OS94bGluayIgeD0iMHB4IiB5PSIwcHgiIHdpZHRoPSIxNnB4IiBoZWlnaHQ9IjE2cHgiIHZpZXdCb3g9IjAgMCAxNiAxNiIgZW5hYmxlLWJhY2tncm91bmQ9Im5ldyAwIDAgMTYgMTYiIHhtbDpzcGFjZT0icHJlc2VydmUiPjxnPjxnPjxwYXRoIGZpbGw9IiNGRkZGRkYiIGQ9Ik04LjAwMSwxNS41QzMuODY0LDE1LjUsMC41LDEyLjEzNiwwLjUsOGMwLTQuMTM1LDMuMzY1LTcuNSw3LjUwMS03LjVTMTUuNSwzLjg2NCwxNS41LDhTMTIuMTM3LDE1LjUsOC4wMDEsMTUuNXoiLz48cGF0aCBmaWxsPSIjRDUyQjFFIiBkPSJNOC4wMDEsMUMxMS44NiwxLDE1LDQuMTQxLDE1LDhzLTMuMTM5LDctNi45OTksN0M0LjE0LDE1LDEsMTEuODU5LDEsOFM0LjE0LDEsOC4wMDEsMSBNOC4wMDEsMEMzLjU4MiwwLDAsMy41ODIsMCw4czMuNTgyLDgsOC4wMDEsOEMxMi40MTgsMTYsMTYsMTIuNDE4LDE2LDhTMTIuNDE4LDAsOC4wMDEsMEw4LjAwMSwweiIvPjwvZz48cGF0aCBmaWxsPSIjRDUyQjFFIiBkPSJNNi43NDUsMTIuNTg5Yy0wLjIyNywwLjEyMi0wLjQ5NywwLjI0Ny0wLjY4NCwwLjI0N2MtMC4zMTgsMC0wLjUwMS0wLjE2NC0wLjUwMS0wLjQ1MmMwLTAuMjA3LDAuMTQtMC4zNzUsMC41OTUtMC42MjJjMS41NDktMC45MDQsMi41OTQtMi4yNzIsMi41OTQtMy43MjFjMC0wLjgyNS0wLjIyNy0xLjExOS0wLjY4MS0xLjExOWMtMC4xMzUsMC0wLjMyLDAuMjE5LTAuNjM2LDAuMjE5SDcuMTU3QzYuMTAyLDcuMTQzLDUuMzMzLDYuMjY0LDUuMzMzLDUuMjNjMC0xLjE1MiwwLjk1OC0yLjAwNiwyLjI4LTIuMDA2YzEuNzc3LDAsMy4wNTMsMS4zNzMsMy4wNTMsMy40M0MxMC42NjYsOS4yMTUsOS4yMDMsMTEuMjcsNi43NDUsMTIuNTg5Ii8+PC9nPjwvc3ZnPg\"><\/a><\/span><\/p>\n\n\n\n<p class=\"has-small-font-size\"><strong>The Ground We Stand On<\/strong><br>We see you White American Theater (Theater heute, 07\/2020, ISSN 0040-5507)<\/p>\n\n\n\n<p class=\"has-small-font-size\"><strong>Shahid Nadeem<\/strong><br><a rel=\"noreferrer noopener\" href=\"https:\/\/world-theatre-day.org\/messageauthor.html\" target=\"_blank\">Botschaft<\/a> zum Welttheatertag 2020 (International Theatre Institute Germany)<\/p>\n\n\n\n<p class=\"has-small-font-size\"><strong>Jens Van Lathem<\/strong><br>Entry, Duration of Stay, and Guarantee of Return (<a href=\"https:\/\/issuu.com\/itigermany\/docs\/iti-jahrbuch_2018_issuu__003_\">Jahrbuch 2018<\/a> Internationales Theaterinstitut Deutschland)<\/p>\n\n\n\n<p class=\"has-small-font-size\"><strong>Clementine Ewokolo Burnley<\/strong><br><a rel=\"noreferrer noopener\" href=\"https:\/\/stadtsprachen.de\/text\/die-zukunft-afrikanischer-literatur-in-berlin-und-anderswo\/\" target=\"_blank\">The future of African Literature in Berlin, and elsewhere<\/a> (Keynote Stadtsprachen LCB 2018)<\/p>\n\n\n\n<p class=\"has-small-font-size\"><strong>Jan Brokof<\/strong><br><a href=\"https:\/\/www.salz-verlag.de\/publikationen\/tropical-healing\/\">Tropical Healing<\/a> (Aufs\u00e4tze, Salz-Verlag 2017, ISBN 978-3-943016-76-5)<\/p>\n\n\n\n<p class=\"has-small-font-size\"><strong>Dr. Eva Illouz<\/strong><br>Sexual Freedom and the Rise of Uncertainty\/Sexuelle Freiheit und das Aufkommen der Unsicherheit (Dresdner Reden 2017)<\/p>\n\n\n\n<p class=\"has-small-font-size\"><strong>Dr. Mladen Dolar<\/strong><br>The Quality of Mercy is not Strained (Essay zur Gnade in Shakespeares &#8220;Kaufmann von Venedig&#8221;; Goethe-Institut Ljubljana)<\/p>\n\n\n\n<p class=\"has-small-font-size\"><strong>Vladimir Arsenijvi\u0107<\/strong><br>Die \u00dcbermacht der menschlichen G\u00fcte (in: spritz \/ sprache im technischen Zeitalter 218, ISBN 978-3-412-50601-8)<\/p>\n\n\n\n<p class=\"has-small-font-size\"><strong>Stephen Greenblatt<\/strong><br>The Survival of Dangerous Ideas (Dresdner Reden 2013)<\/p>\n\n\n\n<p class=\"has-small-font-size\"><strong>The Urban Sacred<\/strong><br>Essays von Prof. Birgit Meyer, Prof. Kim Knott, Prof. Volkhard&nbsp;Krech, Dr. Susanne Lanwerd, Dr. Steph Berns, Dr. Daan Beekers zu Religion und Architektur\/Katalog zur gleichnamigen Ausstellung (Universit\u00e4t Bochum 2016)<\/p>\n\n\n\n<p class=\"has-small-font-size\"><strong>National Archive Malaysia<\/strong><br>Protokoll der \u201eBaling Talks\u201c (Festival Theaterformen 2016)<\/p>\n\n\n\n<p class=\"has-small-font-size\"><strong>Mark Long<\/strong><br>Favelas: architecture of survival<em>. <\/em>The photographs of Pedro Lobo (WALL 2016)<\/p>\n\n\n\n<p class=\"has-small-font-size\"><strong>\u00c2ngela Magalh\u00e3es \/ Nadja Fonseca Peregrino<\/strong><br>Poetics of a landscape. The photographs of Pedro Lobo (WALL 2016)<\/p>\n<\/div>\n<\/div>\n","protected":false},"excerpt":{"rendered":"<p>Please write me at , if you are interested in reading any of the texts below. Drama andcompany&amp;CoWest in PeaceMausoleum BuffoPand\u00e4monium Germanicum Deepika ArwindPhantasmagoria \/ Phantasmagorie John BarrowExcentric Planet \/&#8230;<\/p>\n","protected":false},"author":9,"featured_media":0,"parent":0,"menu_order":5,"comment_status":"closed","ping_status":"closed","template":"","meta":{"_acf_changed":false,"footnotes":""},"class_list":["post-4362","page","type-page","status-publish","hentry"],"acf":[],"_links":{"self":[{"href":"https:\/\/henningbochert.de\/en\/wp-json\/wp\/v2\/pages\/4362","targetHints":{"allow":["GET"]}}],"collection":[{"href":"https:\/\/henningbochert.de\/en\/wp-json\/wp\/v2\/pages"}],"about":[{"href":"https:\/\/henningbochert.de\/en\/wp-json\/wp\/v2\/types\/page"}],"author":[{"embeddable":true,"href":"https:\/\/henningbochert.de\/en\/wp-json\/wp\/v2\/users\/9"}],"replies":[{"embeddable":true,"href":"https:\/\/henningbochert.de\/en\/wp-json\/wp\/v2\/comments?post=4362"}],"version-history":[{"count":4,"href":"https:\/\/henningbochert.de\/en\/wp-json\/wp\/v2\/pages\/4362\/revisions"}],"predecessor-version":[{"id":13778,"href":"https:\/\/henningbochert.de\/en\/wp-json\/wp\/v2\/pages\/4362\/revisions\/13778"}],"wp:attachment":[{"href":"https:\/\/henningbochert.de\/en\/wp-json\/wp\/v2\/media?parent=4362"}],"curies":[{"name":"wp","href":"https:\/\/api.w.org\/{rel}","templated":true}]}}